{"id":2325,"date":"2024-10-30T10:57:36","date_gmt":"2024-10-30T08:57:36","guid":{"rendered":"https:\/\/clicktualuz.com\/teste\/"},"modified":"2024-10-30T10:57:36","modified_gmt":"2024-10-30T08:57:36","slug":"teste","status":"publish","type":"page","link":"https:\/\/clicktualuz.com\/es\/teste\/","title":{"rendered":"Teste"},"content":{"rendered":"\t\t<div data-elementor-type=\"wp-page\" data-elementor-id=\"2325\" class=\"elementor elementor-2325 elementor-891\" data-elementor-settings=\"{&quot;ha_cmc_init_switcher&quot;:&quot;no&quot;}\">\n\t\t\t\t\t\t<section class=\"elementor-section elementor-top-section elementor-element elementor-element-d4b5eca elementor-section-stretched elementor-section-boxed elementor-section-height-default elementor-section-height-default\" data-id=\"d4b5eca\" data-element_type=\"section\" data-e-type=\"section\" data-settings=\"{&quot;stretch_section&quot;:&quot;section-stretched&quot;,&quot;_ha_eqh_enable&quot;:false}\">\n\t\t\t\t\t\t<div class=\"elementor-container elementor-column-gap-default\">\n\t\t\t\t\t<div class=\"elementor-column elementor-col-100 elementor-top-column elementor-element elementor-element-f715304\" data-id=\"f715304\" data-element_type=\"column\" data-e-type=\"column\">\n\t\t\t<div class=\"elementor-widget-wrap elementor-element-populated\">\n\t\t\t\t\t\t<div class=\"elementor-element elementor-element-5b6a474 elementor-widget elementor-widget-text-editor\" data-id=\"5b6a474\" data-element_type=\"widget\" data-e-type=\"widget\" data-widget_type=\"text-editor.default\">\n\t\t\t\t<div class=\"elementor-widget-container\">\n\t\t\t\t\t\t\t\t\t<h4 style=\"text-align: center;\">Descobrir o que nos impede de <strong>avan\u00e7ar<\/strong> \u00e9 o <strong>primeiro passo<\/strong> para l<strong>ibertar nossa mente e cora\u00e7\u00e3o<\/strong>, permitindo que a ajuda chegue de forma eficaz.<\/h4>\t\t\t\t\t\t\t\t<\/div>\n\t\t\t\t<\/div>\n\t\t\t\t\t<\/div>\n\t\t<\/div>\n\t\t\t\t\t<\/div>\n\t\t<\/section>\n\t\t\t\t<section class=\"elementor-section elementor-top-section elementor-element elementor-element-ed60b1f elementor-section-boxed elementor-section-height-default elementor-section-height-default\" data-id=\"ed60b1f\" data-element_type=\"section\" data-e-type=\"section\" data-settings=\"{&quot;_ha_eqh_enable&quot;:false}\">\n\t\t\t\t\t\t<div class=\"elementor-container elementor-column-gap-default\">\n\t\t\t\t\t<div class=\"elementor-column elementor-col-20 elementor-top-column elementor-element elementor-element-d05dd74\" data-id=\"d05dd74\" data-element_type=\"column\" data-e-type=\"column\">\n\t\t\t<div class=\"elementor-widget-wrap elementor-element-populated\">\n\t\t\t\t\t\t<div class=\"elementor-element elementor-element-2bee1c6 elementor-widget elementor-widget-image\" data-id=\"2bee1c6\" data-element_type=\"widget\" data-e-type=\"widget\" data-widget_type=\"image.default\">\n\t\t\t\t<div class=\"elementor-widget-container\">\n\t\t\t\t\t\t\t\t\t\t\t\t\t\t\t<img fetchpriority=\"high\" decoding=\"async\" width=\"1024\" height=\"768\" src=\"https:\/\/clicktualuz.com\/wp-content\/uploads\/2024\/10\/escassez.jpg\" class=\"attachment-large size-large wp-image-992\" alt=\"\" srcset=\"https:\/\/clicktualuz.com\/wp-content\/uploads\/2024\/10\/escassez.jpg 1024w, https:\/\/clicktualuz.com\/wp-content\/uploads\/2024\/10\/escassez-300x225.jpg 300w, https:\/\/clicktualuz.com\/wp-content\/uploads\/2024\/10\/escassez-768x576.jpg 768w, https:\/\/clicktualuz.com\/wp-content\/uploads\/2024\/10\/escassez-100x75.jpg 100w, https:\/\/clicktualuz.com\/wp-content\/uploads\/2024\/10\/escassez-480x360.jpg 480w, https:\/\/clicktualuz.com\/wp-content\/uploads\/2024\/10\/escassez-400x300.jpg 400w\" sizes=\"(max-width:767px) 480px, (max-width:1024px) 100vw, 1024px\" \/>\t\t\t\t\t\t\t\t\t\t\t\t\t\t\t<\/div>\n\t\t\t\t<\/div>\n\t\t\t\t<div class=\"elementor-element elementor-element-6a986aa elementor-widget elementor-widget-text-editor\" data-id=\"6a986aa\" data-element_type=\"widget\" data-e-type=\"widget\" data-widget_type=\"text-editor.default\">\n\t\t\t\t<div class=\"elementor-widget-container\">\n\t\t\t\t\t\t\t\t\t<p><strong>RELACIONAMENTOS:<\/strong><\/p><ul><li><a href=\"https:\/\/clicktualuz.com\/teste\/teste-voce-precisa-se-curar-da-infidelidade-em-um-relacionamento\/\">TRAI\u00c7\u00d5ES E INFIDELIDADES<\/a><\/li><li><a href=\"https:\/\/clicktualuz.com\/teste\/teste-voce-precisa-se-curar-de-abusos-sexuais\/\">ABUSOS SEXUAIS<\/a><\/li><\/ul>\t\t\t\t\t\t\t\t<\/div>\n\t\t\t\t<\/div>\n\t\t\t\t\t<\/div>\n\t\t<\/div>\n\t\t\t\t<div class=\"elementor-column elementor-col-20 elementor-top-column elementor-element elementor-element-21e9441\" data-id=\"21e9441\" data-element_type=\"column\" data-e-type=\"column\">\n\t\t\t<div class=\"elementor-widget-wrap elementor-element-populated\">\n\t\t\t\t\t\t<div class=\"elementor-element elementor-element-149b474 elementor-widget elementor-widget-image\" data-id=\"149b474\" data-element_type=\"widget\" data-e-type=\"widget\" data-widget_type=\"image.default\">\n\t\t\t\t<div class=\"elementor-widget-container\">\n\t\t\t\t\t\t\t\t\t\t\t\t\t\t\t<img decoding=\"async\" width=\"1024\" height=\"768\" src=\"https:\/\/clicktualuz.com\/wp-content\/uploads\/2024\/12\/curas-emocionales.jpg\" class=\"attachment-large size-large wp-image-1361\" alt=\"\" srcset=\"https:\/\/clicktualuz.com\/wp-content\/uploads\/2024\/12\/curas-emocionales.jpg 1024w, https:\/\/clicktualuz.com\/wp-content\/uploads\/2024\/12\/curas-emocionales-300x225.jpg 300w, https:\/\/clicktualuz.com\/wp-content\/uploads\/2024\/12\/curas-emocionales-768x576.jpg 768w, https:\/\/clicktualuz.com\/wp-content\/uploads\/2024\/12\/curas-emocionales-100x75.jpg 100w, https:\/\/clicktualuz.com\/wp-content\/uploads\/2024\/12\/curas-emocionales-480x360.jpg 480w, https:\/\/clicktualuz.com\/wp-content\/uploads\/2024\/12\/curas-emocionales-400x300.jpg 400w\" sizes=\"(max-width:767px) 480px, (max-width:1024px) 100vw, 1024px\" \/>\t\t\t\t\t\t\t\t\t\t\t\t\t\t\t<\/div>\n\t\t\t\t<\/div>\n\t\t\t\t<div class=\"elementor-element elementor-element-1d74c3b elementor-widget elementor-widget-text-editor\" data-id=\"1d74c3b\" data-element_type=\"widget\" data-e-type=\"widget\" data-widget_type=\"text-editor.default\">\n\t\t\t\t<div class=\"elementor-widget-container\">\n\t\t\t\t\t\t\t\t\t<p><strong>PROSPERIDADE:<\/strong><\/p><ul><li><a href=\"https:\/\/clicktualuz.com\/teste\/teste-voce-precisa-se-curar-de-crencas-limitantes-sobre-ganhar-dinheiro\/\">CREN\u00c7AS LIMITANTES<\/a><\/li><li><a href=\"https:\/\/clicktualuz.com\/test-voce-tem-uma-mentalidade-de-escassez\/\">MENTALIDADE DE ESCASSES<\/a><\/li><li><a href=\"https:\/\/clicktualuz.com\/test\/teste-voce-precisa-superar-o-medo-de-fracasso\/\">MEDO DO FRACASSO<\/a><\/li><\/ul>\t\t\t\t\t\t\t\t<\/div>\n\t\t\t\t<\/div>\n\t\t\t\t\t<\/div>\n\t\t<\/div>\n\t\t\t\t<div class=\"elementor-column elementor-col-20 elementor-top-column elementor-element elementor-element-98289f1\" data-id=\"98289f1\" data-element_type=\"column\" data-e-type=\"column\">\n\t\t\t<div class=\"elementor-widget-wrap elementor-element-populated\">\n\t\t\t\t\t\t<div class=\"elementor-element elementor-element-7c4ff13 elementor-widget elementor-widget-image\" data-id=\"7c4ff13\" data-element_type=\"widget\" data-e-type=\"widget\" data-widget_type=\"image.default\">\n\t\t\t\t<div class=\"elementor-widget-container\">\n\t\t\t\t\t\t\t\t\t\t\t\t\t\t\t<img decoding=\"async\" width=\"1024\" height=\"768\" src=\"https:\/\/clicktualuz.com\/wp-content\/uploads\/2024\/10\/trastorno-alimenticio.jpg\" class=\"attachment-large size-large wp-image-991\" alt=\"\" srcset=\"https:\/\/clicktualuz.com\/wp-content\/uploads\/2024\/10\/trastorno-alimenticio.jpg 1024w, https:\/\/clicktualuz.com\/wp-content\/uploads\/2024\/10\/trastorno-alimenticio-300x225.jpg 300w, https:\/\/clicktualuz.com\/wp-content\/uploads\/2024\/10\/trastorno-alimenticio-768x576.jpg 768w, https:\/\/clicktualuz.com\/wp-content\/uploads\/2024\/10\/trastorno-alimenticio-100x75.jpg 100w, https:\/\/clicktualuz.com\/wp-content\/uploads\/2024\/10\/trastorno-alimenticio-480x360.jpg 480w, https:\/\/clicktualuz.com\/wp-content\/uploads\/2024\/10\/trastorno-alimenticio-400x300.jpg 400w\" sizes=\"(max-width:767px) 480px, (max-width:1024px) 100vw, 1024px\" \/>\t\t\t\t\t\t\t\t\t\t\t\t\t\t\t<\/div>\n\t\t\t\t<\/div>\n\t\t\t\t<div class=\"elementor-element elementor-element-14cded1 elementor-widget elementor-widget-text-editor\" data-id=\"14cded1\" data-element_type=\"widget\" data-e-type=\"widget\" data-widget_type=\"text-editor.default\">\n\t\t\t\t<div class=\"elementor-widget-container\">\n\t\t\t\t\t\t\t\t\t<p><strong>COMPULSAO ALIMENTAR:<\/strong><\/p><ul><li><a href=\"https:\/\/clicktualuz.com\/test\/teste-voce-precisa-superar-um-transtorno-alimentar\/\">TRANSTORNOS ALIMENTARES<\/a><\/li><li><a href=\"https:\/\/clicktualuz.com\/teste\/teste-voce-precisa-superar-a-bulimia\/\">BOL\u00cdMIA<\/a><\/li><li>ANOREXIA<\/li><li><a href=\"https:\/\/clicktualuz.com\/teste\/teste-voce-precisa-superar-o-sobrepeso\/\">SOBREPESO<\/a><\/li><li><a href=\"https:\/\/clicktualuz.com\/teste\/teste-voce-precisa-superar-a-anemia\/\">ANEMIA<\/a><\/li><\/ul>\t\t\t\t\t\t\t\t<\/div>\n\t\t\t\t<\/div>\n\t\t\t\t\t<\/div>\n\t\t<\/div>\n\t\t\t\t<div class=\"elementor-column elementor-col-20 elementor-top-column elementor-element elementor-element-4e5080a\" data-id=\"4e5080a\" data-element_type=\"column\" data-e-type=\"column\">\n\t\t\t<div class=\"elementor-widget-wrap elementor-element-populated\">\n\t\t\t\t\t\t<div class=\"elementor-element elementor-element-b098122 elementor-widget elementor-widget-image\" data-id=\"b098122\" data-element_type=\"widget\" data-e-type=\"widget\" data-widget_type=\"image.default\">\n\t\t\t\t<div class=\"elementor-widget-container\">\n\t\t\t\t\t\t\t\t\t\t\t\t\t\t\t<img loading=\"lazy\" decoding=\"async\" width=\"1024\" height=\"768\" src=\"https:\/\/clicktualuz.com\/wp-content\/uploads\/2024\/12\/escasez.jpg\" class=\"attachment-large size-large wp-image-1357\" alt=\"\" srcset=\"https:\/\/clicktualuz.com\/wp-content\/uploads\/2024\/12\/escasez.jpg 1024w, https:\/\/clicktualuz.com\/wp-content\/uploads\/2024\/12\/escasez-300x225.jpg 300w, https:\/\/clicktualuz.com\/wp-content\/uploads\/2024\/12\/escasez-768x576.jpg 768w, https:\/\/clicktualuz.com\/wp-content\/uploads\/2024\/12\/escasez-100x75.jpg 100w, https:\/\/clicktualuz.com\/wp-content\/uploads\/2024\/12\/escasez-480x360.jpg 480w, https:\/\/clicktualuz.com\/wp-content\/uploads\/2024\/12\/escasez-400x300.jpg 400w\" sizes=\"(max-width:767px) 480px, (max-width:1024px) 100vw, 1024px\" \/>\t\t\t\t\t\t\t\t\t\t\t\t\t\t\t<\/div>\n\t\t\t\t<\/div>\n\t\t\t\t<div class=\"elementor-element elementor-element-c6c18ab elementor-widget elementor-widget-text-editor\" data-id=\"c6c18ab\" data-element_type=\"widget\" data-e-type=\"widget\" data-widget_type=\"text-editor.default\">\n\t\t\t\t<div class=\"elementor-widget-container\">\n\t\t\t\t\t\t\t\t\t<p><strong>TRANSTORNOS DO SONO: <\/strong><\/p><ul><li><a href=\"https:\/\/clicktualuz.com\/teste\/teste-voce-precisa-superar-a-insonia\/\">INS\u00d4NIA<\/a><\/li><li><a href=\"https:\/\/clicktualuz.com\/teste\/teste-voce-pode-precisa-de-ajuda-para-apneia-do-sono\/\">APNEA DO SONO<\/a><\/li><li><a href=\"https:\/\/clicktualuz.com\/teste\/teste-voce-precisa-superar-a-hipersonia\/\">HIPERSONIA<\/a><\/li><\/ul>\t\t\t\t\t\t\t\t<\/div>\n\t\t\t\t<\/div>\n\t\t\t\t\t<\/div>\n\t\t<\/div>\n\t\t\t\t<div class=\"elementor-column elementor-col-20 elementor-top-column elementor-element elementor-element-3672a82\" data-id=\"3672a82\" data-element_type=\"column\" data-e-type=\"column\">\n\t\t\t<div class=\"elementor-widget-wrap elementor-element-populated\">\n\t\t\t\t\t\t<div class=\"elementor-element elementor-element-c833b69 elementor-widget elementor-widget-image\" data-id=\"c833b69\" data-element_type=\"widget\" data-e-type=\"widget\" data-widget_type=\"image.default\">\n\t\t\t\t<div class=\"elementor-widget-container\">\n\t\t\t\t\t\t\t\t\t\t\t\t\t\t\t<img loading=\"lazy\" decoding=\"async\" width=\"1024\" height=\"768\" src=\"https:\/\/clicktualuz.com\/wp-content\/uploads\/2024\/10\/superar-fracasso.jpg\" class=\"attachment-large size-large wp-image-990\" alt=\"\" srcset=\"https:\/\/clicktualuz.com\/wp-content\/uploads\/2024\/10\/superar-fracasso.jpg 1024w, https:\/\/clicktualuz.com\/wp-content\/uploads\/2024\/10\/superar-fracasso-300x225.jpg 300w, https:\/\/clicktualuz.com\/wp-content\/uploads\/2024\/10\/superar-fracasso-768x576.jpg 768w, https:\/\/clicktualuz.com\/wp-content\/uploads\/2024\/10\/superar-fracasso-100x75.jpg 100w, https:\/\/clicktualuz.com\/wp-content\/uploads\/2024\/10\/superar-fracasso-480x360.jpg 480w, https:\/\/clicktualuz.com\/wp-content\/uploads\/2024\/10\/superar-fracasso-400x300.jpg 400w\" sizes=\"(max-width:767px) 480px, (max-width:1024px) 100vw, 1024px\" \/>\t\t\t\t\t\t\t\t\t\t\t\t\t\t\t<\/div>\n\t\t\t\t<\/div>\n\t\t\t\t<div class=\"elementor-element elementor-element-09a7a79 elementor-widget elementor-widget-text-editor\" data-id=\"09a7a79\" data-element_type=\"widget\" data-e-type=\"widget\" data-widget_type=\"text-editor.default\">\n\t\t\t\t<div class=\"elementor-widget-container\">\n\t\t\t\t\t\t\t\t\t<p><strong>CURAS EMOCIONAIS:<\/strong><\/p><ul><li><a href=\"https:\/\/clicktualuz.com\/teste\/teste-voce-pode-precisar-de-ajuda-para-curar-a-dor-e-a-rejeicao\/\">DOR E REJEIC\u00c3O<\/a><\/li><li><a href=\"https:\/\/clicktualuz.com\/teste\/teste-voce-pode-precisar-de-ajuda-para-melhorar-sua-auto-estima\/\">AUTO ESTIMA<\/a><\/li><li><a href=\"https:\/\/clicktualuz.com\/teste\/teste-voce-pode-precisar-de-ajuda-para-melhorar-sua-confianca\/\">AUTO CONFIAN\u00c7A<\/a><\/li><li><a href=\"https:\/\/clicktualuz.com\/teste\/16-teste-voce-pode-precisar-aumentar-sua-coragem\/\">CORAGEM<\/a><\/li><li>DEPRESS\u00c3O E ANSIEDADE<\/li><li>ABANDONO DO PAI<\/li><li>ABANDONO DA M\u00c3E<\/li><li>BLOQUEIOS EMOCIONAIS<\/li><li>CRIAN\u00c7A INTERIOR<\/li><li>PROCRASTINA\u00c7\u00c3O<\/li><li>TRANSTORNO BIPOLAR<\/li><li>TRATAR TARUMAS<\/li><li>APRENDER A PERDOAR<\/li><li>VENCER O MEDO<\/li><li>FALTA DE MOTIVA\u00c7\u00c3O<\/li><\/ul>\t\t\t\t\t\t\t\t<\/div>\n\t\t\t\t<\/div>\n\t\t\t\t\t<\/div>\n\t\t<\/div>\n\t\t\t\t\t<\/div>\n\t\t<\/section>\n\t\t\t\t<section class=\"elementor-section elementor-top-section elementor-element elementor-element-73069091 elementor-section-full_width elementor-section-stretched elementor-section-height-default elementor-section-height-default\" data-id=\"73069091\" data-element_type=\"section\" data-e-type=\"section\" data-settings=\"{&quot;background_background&quot;:&quot;classic&quot;,&quot;shape_divider_top&quot;:&quot;waves&quot;,&quot;stretch_section&quot;:&quot;section-stretched&quot;,&quot;_ha_eqh_enable&quot;:false}\">\n\t\t\t\t\t<div class=\"elementor-shape elementor-shape-top\" aria-hidden=\"true\" data-negative=\"false\">\n\t\t\t<svg xmlns=\"http:\/\/www.w3.org\/2000\/svg\" viewBox=\"0 0 1000 100\" preserveAspectRatio=\"none\">\n\t<path class=\"elementor-shape-fill\" d=\"M421.9,6.5c22.6-2.5,51.5,0.4,75.5,5.3c23.6,4.9,70.9,23.5,100.5,35.7c75.8,32.2,133.7,44.5,192.6,49.7\n\tc23.6,2.1,48.7,3.5,103.4-2.5c54.7-6,106.2-25.6,106.2-25.6V0H0v30.3c0,0,72,32.6,158.4,30.5c39.2-0.7,92.8-6.7,134-22.4\n\tc21.2-8.1,52.2-18.2,79.7-24.2C399.3,7.9,411.6,7.5,421.9,6.5z\"\/>\n<\/svg>\t\t<\/div>\n\t\t\t\t\t<div class=\"elementor-container elementor-column-gap-default\">\n\t\t\t\t\t<div class=\"elementor-column elementor-col-100 elementor-top-column elementor-element elementor-element-48f032f4\" data-id=\"48f032f4\" data-element_type=\"column\" data-e-type=\"column\">\n\t\t\t<div class=\"elementor-widget-wrap\">\n\t\t\t\t\t\t\t<\/div>\n\t\t<\/div>\n\t\t\t\t\t<\/div>\n\t\t<\/section>\n\t\t\t\t<\/div>\n\t\t","protected":false},"excerpt":{"rendered":"<p>Descobrir o que nos impede de avan\u00e7ar \u00e9 o primeiro passo para libertar nossa mente e cora\u00e7\u00e3o, permitindo que a ajuda chegue de forma eficaz. RELACIONAMENTOS:<span class=\"excerpt-hellip\"> [\u2026]<\/span><\/p>\n","protected":false},"author":1,"featured_media":0,"parent":0,"menu_order":0,"comment_status":"closed","ping_status":"closed","template":"","meta":{"_joinchat":[],"footnotes":""},"class_list":["post-2325","page","type-page","status-publish","hentry"],"yoast_head":"<!-- This site is optimized with the Yoast SEO plugin v27.4 - https:\/\/yoast.com\/product\/yoast-seo-wordpress\/ -->\n<title>Teste - Pamella Gannum<\/title>\n<meta name=\"robots\" content=\"index, follow, max-snippet:-1, max-image-preview:large, max-video-preview:-1\" \/>\n<link rel=\"canonical\" href=\"https:\/\/clicktualuz.com\/es\/teste\/\" \/>\n<meta property=\"og:locale\" content=\"es_ES\" \/>\n<meta property=\"og:type\" content=\"article\" \/>\n<meta property=\"og:title\" content=\"Teste - Pamella Gannum\" \/>\n<meta property=\"og:description\" content=\"Descobrir o que nos impede de avan\u00e7ar \u00e9 o primeiro passo para libertar nossa mente e cora\u00e7\u00e3o, permitindo que a ajuda chegue de forma eficaz. RELACIONAMENTOS: [\u2026]\" \/>\n<meta property=\"og:url\" content=\"https:\/\/clicktualuz.com\/es\/teste\/\" \/>\n<meta property=\"og:site_name\" content=\"Pamella Gannum\" \/>\n<meta property=\"og:image\" content=\"https:\/\/clicktualuz.com\/wp-content\/uploads\/2024\/10\/escassez.jpg\" \/>\n<meta name=\"twitter:card\" content=\"summary_large_image\" \/>\n<script type=\"application\/ld+json\" class=\"yoast-schema-graph\">{\"@context\":\"https:\\\/\\\/schema.org\",\"@graph\":[{\"@type\":\"WebPage\",\"@id\":\"https:\\\/\\\/clicktualuz.com\\\/es\\\/teste\\\/\",\"url\":\"https:\\\/\\\/clicktualuz.com\\\/es\\\/teste\\\/\",\"name\":\"Teste - Pamella Gannum\",\"isPartOf\":{\"@id\":\"https:\\\/\\\/clicktualuz.com\\\/#website\"},\"primaryImageOfPage\":{\"@id\":\"https:\\\/\\\/clicktualuz.com\\\/es\\\/teste\\\/#primaryimage\"},\"image\":{\"@id\":\"https:\\\/\\\/clicktualuz.com\\\/es\\\/teste\\\/#primaryimage\"},\"thumbnailUrl\":\"https:\\\/\\\/clicktualuz.com\\\/wp-content\\\/uploads\\\/2024\\\/10\\\/escassez.jpg\",\"datePublished\":\"2024-10-30T08:57:36+00:00\",\"breadcrumb\":{\"@id\":\"https:\\\/\\\/clicktualuz.com\\\/es\\\/teste\\\/#breadcrumb\"},\"inLanguage\":\"es\",\"potentialAction\":[{\"@type\":\"ReadAction\",\"target\":[\"https:\\\/\\\/clicktualuz.com\\\/es\\\/teste\\\/\"]}]},{\"@type\":\"ImageObject\",\"inLanguage\":\"es\",\"@id\":\"https:\\\/\\\/clicktualuz.com\\\/es\\\/teste\\\/#primaryimage\",\"url\":\"https:\\\/\\\/clicktualuz.com\\\/wp-content\\\/uploads\\\/2024\\\/10\\\/escassez.jpg\",\"contentUrl\":\"https:\\\/\\\/clicktualuz.com\\\/wp-content\\\/uploads\\\/2024\\\/10\\\/escassez.jpg\"},{\"@type\":\"BreadcrumbList\",\"@id\":\"https:\\\/\\\/clicktualuz.com\\\/es\\\/teste\\\/#breadcrumb\",\"itemListElement\":[{\"@type\":\"ListItem\",\"position\":1,\"name\":\"Portada\",\"item\":\"https:\\\/\\\/clicktualuz.com\\\/\"},{\"@type\":\"ListItem\",\"position\":2,\"name\":\"Teste\"}]},{\"@type\":\"WebSite\",\"@id\":\"https:\\\/\\\/clicktualuz.com\\\/#website\",\"url\":\"https:\\\/\\\/clicktualuz.com\\\/\",\"name\":\"Pamella Gannum\",\"description\":\"Guiando voc\u00ea na cura de seus traumas\",\"potentialAction\":[{\"@type\":\"SearchAction\",\"target\":{\"@type\":\"EntryPoint\",\"urlTemplate\":\"https:\\\/\\\/clicktualuz.com\\\/?s={search_term_string}\"},\"query-input\":{\"@type\":\"PropertyValueSpecification\",\"valueRequired\":true,\"valueName\":\"search_term_string\"}}],\"inLanguage\":\"es\"}]}<\/script>\n<!-- \/ Yoast SEO plugin. -->","yoast_head_json":{"title":"Teste - Pamella Gannum","robots":{"index":"index","follow":"follow","max-snippet":"max-snippet:-1","max-image-preview":"max-image-preview:large","max-video-preview":"max-video-preview:-1"},"canonical":"https:\/\/clicktualuz.com\/es\/teste\/","og_locale":"es_ES","og_type":"article","og_title":"Teste - Pamella Gannum","og_description":"Descobrir o que nos impede de avan\u00e7ar \u00e9 o primeiro passo para libertar nossa mente e cora\u00e7\u00e3o, permitindo que a ajuda chegue de forma eficaz. RELACIONAMENTOS: [\u2026]","og_url":"https:\/\/clicktualuz.com\/es\/teste\/","og_site_name":"Pamella Gannum","og_image":[{"url":"https:\/\/clicktualuz.com\/wp-content\/uploads\/2024\/10\/escassez.jpg","type":"","width":"","height":""}],"twitter_card":"summary_large_image","schema":{"@context":"https:\/\/schema.org","@graph":[{"@type":"WebPage","@id":"https:\/\/clicktualuz.com\/es\/teste\/","url":"https:\/\/clicktualuz.com\/es\/teste\/","name":"Teste - Pamella Gannum","isPartOf":{"@id":"https:\/\/clicktualuz.com\/#website"},"primaryImageOfPage":{"@id":"https:\/\/clicktualuz.com\/es\/teste\/#primaryimage"},"image":{"@id":"https:\/\/clicktualuz.com\/es\/teste\/#primaryimage"},"thumbnailUrl":"https:\/\/clicktualuz.com\/wp-content\/uploads\/2024\/10\/escassez.jpg","datePublished":"2024-10-30T08:57:36+00:00","breadcrumb":{"@id":"https:\/\/clicktualuz.com\/es\/teste\/#breadcrumb"},"inLanguage":"es","potentialAction":[{"@type":"ReadAction","target":["https:\/\/clicktualuz.com\/es\/teste\/"]}]},{"@type":"ImageObject","inLanguage":"es","@id":"https:\/\/clicktualuz.com\/es\/teste\/#primaryimage","url":"https:\/\/clicktualuz.com\/wp-content\/uploads\/2024\/10\/escassez.jpg","contentUrl":"https:\/\/clicktualuz.com\/wp-content\/uploads\/2024\/10\/escassez.jpg"},{"@type":"BreadcrumbList","@id":"https:\/\/clicktualuz.com\/es\/teste\/#breadcrumb","itemListElement":[{"@type":"ListItem","position":1,"name":"Portada","item":"https:\/\/clicktualuz.com\/"},{"@type":"ListItem","position":2,"name":"Teste"}]},{"@type":"WebSite","@id":"https:\/\/clicktualuz.com\/#website","url":"https:\/\/clicktualuz.com\/","name":"Pamella Gannum","description":"Guiando voc\u00ea na cura de seus traumas","potentialAction":[{"@type":"SearchAction","target":{"@type":"EntryPoint","urlTemplate":"https:\/\/clicktualuz.com\/?s={search_term_string}"},"query-input":{"@type":"PropertyValueSpecification","valueRequired":true,"valueName":"search_term_string"}}],"inLanguage":"es"}]}},"jetpack_sharing_enabled":true,"_links":{"self":[{"href":"https:\/\/clicktualuz.com\/es\/wp-json\/wp\/v2\/pages\/2325","targetHints":{"allow":["GET"]}}],"collection":[{"href":"https:\/\/clicktualuz.com\/es\/wp-json\/wp\/v2\/pages"}],"about":[{"href":"https:\/\/clicktualuz.com\/es\/wp-json\/wp\/v2\/types\/page"}],"author":[{"embeddable":true,"href":"https:\/\/clicktualuz.com\/es\/wp-json\/wp\/v2\/users\/1"}],"replies":[{"embeddable":true,"href":"https:\/\/clicktualuz.com\/es\/wp-json\/wp\/v2\/comments?post=2325"}],"version-history":[{"count":0,"href":"https:\/\/clicktualuz.com\/es\/wp-json\/wp\/v2\/pages\/2325\/revisions"}],"wp:attachment":[{"href":"https:\/\/clicktualuz.com\/es\/wp-json\/wp\/v2\/media?parent=2325"}],"curies":[{"name":"wp","href":"https:\/\/api.w.org\/{rel}","templated":true}]}}