{"id":2356,"date":"2024-12-23T09:04:38","date_gmt":"2024-12-23T07:04:38","guid":{"rendered":"https:\/\/clicktualuz.com\/teste\/teste-voce-precisa-superar-a-anemia\/"},"modified":"2024-12-23T09:04:38","modified_gmt":"2024-12-23T07:04:38","slug":"teste-voce-precisa-superar-a-anemia","status":"publish","type":"page","link":"https:\/\/clicktualuz.com\/es\/teste\/teste-voce-precisa-superar-a-anemia\/","title":{"rendered":"Teste: Voc\u00ea Precisa Superar a Anemia?"},"content":{"rendered":"\t\t<div data-elementor-type=\"wp-page\" data-elementor-id=\"2356\" class=\"elementor elementor-2356 elementor-1426\" data-elementor-settings=\"{&quot;ha_cmc_init_switcher&quot;:&quot;no&quot;}\">\n\t\t\t\t\t\t<section class=\"elementor-section elementor-top-section elementor-element elementor-element-e3f1ef0 elementor-section-height-min-height elementor-section-boxed elementor-section-height-default elementor-section-items-middle\" data-id=\"e3f1ef0\" data-element_type=\"section\" data-e-type=\"section\" data-settings=\"{&quot;_ha_eqh_enable&quot;:false}\">\n\t\t\t\t\t\t<div class=\"elementor-container elementor-column-gap-default\">\n\t\t\t\t\t<div class=\"elementor-column elementor-col-50 elementor-top-column elementor-element elementor-element-166dac0\" data-id=\"166dac0\" data-element_type=\"column\" data-e-type=\"column\">\n\t\t\t<div class=\"elementor-widget-wrap elementor-element-populated\">\n\t\t\t\t\t\t<div class=\"elementor-element elementor-element-8e8ea8f elementor-position-top elementor-widget elementor-widget-image-box\" data-id=\"8e8ea8f\" data-element_type=\"widget\" data-e-type=\"widget\" data-widget_type=\"image-box.default\">\n\t\t\t\t<div class=\"elementor-widget-container\">\n\t\t\t\t\t<div class=\"elementor-image-box-wrapper\"><figure class=\"elementor-image-box-img\"><img fetchpriority=\"high\" decoding=\"async\" width=\"1024\" height=\"768\" src=\"https:\/\/clicktualuz.com\/wp-content\/uploads\/2024\/10\/trastorno-alimenticio.jpg\" class=\"attachment-full size-full wp-image-991\" alt=\"\" srcset=\"https:\/\/clicktualuz.com\/wp-content\/uploads\/2024\/10\/trastorno-alimenticio.jpg 1024w, https:\/\/clicktualuz.com\/wp-content\/uploads\/2024\/10\/trastorno-alimenticio-300x225.jpg 300w, https:\/\/clicktualuz.com\/wp-content\/uploads\/2024\/10\/trastorno-alimenticio-768x576.jpg 768w, https:\/\/clicktualuz.com\/wp-content\/uploads\/2024\/10\/trastorno-alimenticio-100x75.jpg 100w, https:\/\/clicktualuz.com\/wp-content\/uploads\/2024\/10\/trastorno-alimenticio-480x360.jpg 480w, https:\/\/clicktualuz.com\/wp-content\/uploads\/2024\/10\/trastorno-alimenticio-400x300.jpg 400w\" sizes=\"(max-width:767px) 480px, (max-width:1024px) 100vw, 1024px\" \/><\/figure><div class=\"elementor-image-box-content\"><h2 class=\"elementor-image-box-title\">Teste: <br>oc\u00ea Precisa Superar a Anemia?<\/h2><p class=\"elementor-image-box-description\">Este teste \u00e9 uma maneira de identificar se suas cren\u00e7as limitantes sobre dinheiro est\u00e3o afetando seus objetivos financeiros. Lembre-se de que o trabalho interno e o desenvolvimento pessoal podem ser caminhos para alcan\u00e7ar uma vida financeira mais abundante e pr\u00f3spera.<\/p><\/div><\/div>\t\t\t\t<\/div>\n\t\t\t\t<\/div>\n\t\t\t\t<div class=\"elementor-element elementor-element-1c5c190 elementor-widget elementor-widget-spacer\" data-id=\"1c5c190\" data-element_type=\"widget\" data-e-type=\"widget\" data-widget_type=\"spacer.default\">\n\t\t\t\t<div class=\"elementor-widget-container\">\n\t\t\t\t\t\t\t<div class=\"elementor-spacer\">\n\t\t\t<div class=\"elementor-spacer-inner\"><\/div>\n\t\t<\/div>\n\t\t\t\t\t\t<\/div>\n\t\t\t\t<\/div>\n\t\t\t\t\t<\/div>\n\t\t<\/div>\n\t\t\t\t<div class=\"elementor-column elementor-col-50 elementor-top-column elementor-element elementor-element-22bcdf6\" data-id=\"22bcdf6\" data-element_type=\"column\" data-e-type=\"column\">\n\t\t\t<div class=\"elementor-widget-wrap elementor-element-populated\">\n\t\t\t\t\t\t<div class=\"elementor-element elementor-element-42bbf0f elementor-widget elementor-widget-shortcode\" data-id=\"42bbf0f\" data-element_type=\"widget\" data-e-type=\"widget\" data-widget_type=\"shortcode.default\">\n\t\t\t\t<div class=\"elementor-widget-container\">\n\t\t\t\t\t\t\t<div class=\"elementor-shortcode\"><div class=\"tve_flt\" id=\"tve_editor\">\n\t\t\t<div class=\"tqb-shortcode-wrapper\" id=\"tqb-shortcode-wrapper-1423-tqb-69ff4d5887697\" data-quiz-id=\"1423\" data-unique=\"tqb-69ff4d5887697\" >\n\t\t\t\t<div class=\"tqb-loading-overlay tqb-template-overlay-style-4\">\n\t\t\t\t\t<div class=\"tqb-loading-bullets\"><\/div>\n\t\t\t\t<\/div>\n\t\t\t\t<div class=\"tqb-frontend-error-message\"><\/div>\n\t\t\t\t<div class=\"tqb-shortcode-old-content\"><\/div>\n\t\t\t\t<div class=\"tqb-shortcode-new-content tqb-template-style-4\"><\/div>\n\t\t\t<\/div><\/div><\/div>\n\t\t\t\t\t\t<\/div>\n\t\t\t\t<\/div>\n\t\t\t\t\t<\/div>\n\t\t<\/div>\n\t\t\t\t\t<\/div>\n\t\t<\/section>\n\t\t\t\t<\/div>\n\t\t","protected":false},"excerpt":{"rendered":"<p>Teste: oc\u00ea Precisa Superar a Anemia? Este teste \u00e9 uma maneira de identificar se suas cren\u00e7as limitantes sobre dinheiro est\u00e3o afetando seus objetivos financeiros. Lembre-se de<span class=\"excerpt-hellip\"> [\u2026]<\/span><\/p>\n","protected":false},"author":1,"featured_media":0,"parent":2325,"menu_order":0,"comment_status":"closed","ping_status":"closed","template":"","meta":{"_joinchat":[],"footnotes":""},"class_list":["post-2356","page","type-page","status-publish","hentry"],"yoast_head":"<!-- This site is optimized with the Yoast SEO plugin v27.4 - https:\/\/yoast.com\/product\/yoast-seo-wordpress\/ -->\n<title>Teste: Voc\u00ea Precisa Superar a Anemia? - Pamella Gannum<\/title>\n<meta name=\"robots\" content=\"index, follow, max-snippet:-1, max-image-preview:large, max-video-preview:-1\" \/>\n<link rel=\"canonical\" href=\"https:\/\/clicktualuz.com\/es\/teste\/teste-voce-precisa-superar-a-anemia\/\" \/>\n<meta property=\"og:locale\" content=\"es_ES\" \/>\n<meta property=\"og:type\" content=\"article\" \/>\n<meta property=\"og:title\" content=\"Teste: Voc\u00ea Precisa Superar a Anemia? - Pamella Gannum\" \/>\n<meta property=\"og:description\" content=\"Teste: oc\u00ea Precisa Superar a Anemia? Este teste \u00e9 uma maneira de identificar se suas cren\u00e7as limitantes sobre dinheiro est\u00e3o afetando seus objetivos financeiros. Lembre-se de [\u2026]\" \/>\n<meta property=\"og:url\" content=\"https:\/\/clicktualuz.com\/es\/teste\/teste-voce-precisa-superar-a-anemia\/\" \/>\n<meta property=\"og:site_name\" content=\"Pamella Gannum\" \/>\n<meta property=\"og:image\" content=\"https:\/\/clicktualuz.com\/wp-content\/uploads\/2024\/10\/trastorno-alimenticio.jpg\" \/>\n<meta name=\"twitter:card\" content=\"summary_large_image\" \/>\n<script type=\"application\/ld+json\" class=\"yoast-schema-graph\">{\"@context\":\"https:\\\/\\\/schema.org\",\"@graph\":[{\"@type\":\"WebPage\",\"@id\":\"https:\\\/\\\/clicktualuz.com\\\/es\\\/teste\\\/teste-voce-precisa-superar-a-anemia\\\/\",\"url\":\"https:\\\/\\\/clicktualuz.com\\\/es\\\/teste\\\/teste-voce-precisa-superar-a-anemia\\\/\",\"name\":\"Teste: Voc\u00ea Precisa Superar a Anemia? - Pamella Gannum\",\"isPartOf\":{\"@id\":\"https:\\\/\\\/clicktualuz.com\\\/#website\"},\"primaryImageOfPage\":{\"@id\":\"https:\\\/\\\/clicktualuz.com\\\/es\\\/teste\\\/teste-voce-precisa-superar-a-anemia\\\/#primaryimage\"},\"image\":{\"@id\":\"https:\\\/\\\/clicktualuz.com\\\/es\\\/teste\\\/teste-voce-precisa-superar-a-anemia\\\/#primaryimage\"},\"thumbnailUrl\":\"https:\\\/\\\/clicktualuz.com\\\/wp-content\\\/uploads\\\/2024\\\/10\\\/trastorno-alimenticio.jpg\",\"datePublished\":\"2024-12-23T07:04:38+00:00\",\"breadcrumb\":{\"@id\":\"https:\\\/\\\/clicktualuz.com\\\/es\\\/teste\\\/teste-voce-precisa-superar-a-anemia\\\/#breadcrumb\"},\"inLanguage\":\"es\",\"potentialAction\":[{\"@type\":\"ReadAction\",\"target\":[\"https:\\\/\\\/clicktualuz.com\\\/es\\\/teste\\\/teste-voce-precisa-superar-a-anemia\\\/\"]}]},{\"@type\":\"ImageObject\",\"inLanguage\":\"es\",\"@id\":\"https:\\\/\\\/clicktualuz.com\\\/es\\\/teste\\\/teste-voce-precisa-superar-a-anemia\\\/#primaryimage\",\"url\":\"https:\\\/\\\/clicktualuz.com\\\/wp-content\\\/uploads\\\/2024\\\/10\\\/trastorno-alimenticio.jpg\",\"contentUrl\":\"https:\\\/\\\/clicktualuz.com\\\/wp-content\\\/uploads\\\/2024\\\/10\\\/trastorno-alimenticio.jpg\"},{\"@type\":\"BreadcrumbList\",\"@id\":\"https:\\\/\\\/clicktualuz.com\\\/es\\\/teste\\\/teste-voce-precisa-superar-a-anemia\\\/#breadcrumb\",\"itemListElement\":[{\"@type\":\"ListItem\",\"position\":1,\"name\":\"Portada\",\"item\":\"https:\\\/\\\/clicktualuz.com\\\/\"},{\"@type\":\"ListItem\",\"position\":2,\"name\":\"Teste\",\"item\":\"https:\\\/\\\/clicktualuz.com\\\/es\\\/teste\\\/\"},{\"@type\":\"ListItem\",\"position\":3,\"name\":\"Teste: Voc\u00ea Precisa Superar a Anemia?\"}]},{\"@type\":\"WebSite\",\"@id\":\"https:\\\/\\\/clicktualuz.com\\\/#website\",\"url\":\"https:\\\/\\\/clicktualuz.com\\\/\",\"name\":\"Pamella Gannum\",\"description\":\"Guiando voc\u00ea na cura de seus traumas\",\"potentialAction\":[{\"@type\":\"SearchAction\",\"target\":{\"@type\":\"EntryPoint\",\"urlTemplate\":\"https:\\\/\\\/clicktualuz.com\\\/?s={search_term_string}\"},\"query-input\":{\"@type\":\"PropertyValueSpecification\",\"valueRequired\":true,\"valueName\":\"search_term_string\"}}],\"inLanguage\":\"es\"}]}<\/script>\n<!-- \/ Yoast SEO plugin. -->","yoast_head_json":{"title":"Teste: Voc\u00ea Precisa Superar a Anemia? - Pamella Gannum","robots":{"index":"index","follow":"follow","max-snippet":"max-snippet:-1","max-image-preview":"max-image-preview:large","max-video-preview":"max-video-preview:-1"},"canonical":"https:\/\/clicktualuz.com\/es\/teste\/teste-voce-precisa-superar-a-anemia\/","og_locale":"es_ES","og_type":"article","og_title":"Teste: Voc\u00ea Precisa Superar a Anemia? - Pamella Gannum","og_description":"Teste: oc\u00ea Precisa Superar a Anemia? Este teste \u00e9 uma maneira de identificar se suas cren\u00e7as limitantes sobre dinheiro est\u00e3o afetando seus objetivos financeiros. Lembre-se de [\u2026]","og_url":"https:\/\/clicktualuz.com\/es\/teste\/teste-voce-precisa-superar-a-anemia\/","og_site_name":"Pamella Gannum","og_image":[{"url":"https:\/\/clicktualuz.com\/wp-content\/uploads\/2024\/10\/trastorno-alimenticio.jpg","type":"","width":"","height":""}],"twitter_card":"summary_large_image","schema":{"@context":"https:\/\/schema.org","@graph":[{"@type":"WebPage","@id":"https:\/\/clicktualuz.com\/es\/teste\/teste-voce-precisa-superar-a-anemia\/","url":"https:\/\/clicktualuz.com\/es\/teste\/teste-voce-precisa-superar-a-anemia\/","name":"Teste: Voc\u00ea Precisa Superar a Anemia? - Pamella Gannum","isPartOf":{"@id":"https:\/\/clicktualuz.com\/#website"},"primaryImageOfPage":{"@id":"https:\/\/clicktualuz.com\/es\/teste\/teste-voce-precisa-superar-a-anemia\/#primaryimage"},"image":{"@id":"https:\/\/clicktualuz.com\/es\/teste\/teste-voce-precisa-superar-a-anemia\/#primaryimage"},"thumbnailUrl":"https:\/\/clicktualuz.com\/wp-content\/uploads\/2024\/10\/trastorno-alimenticio.jpg","datePublished":"2024-12-23T07:04:38+00:00","breadcrumb":{"@id":"https:\/\/clicktualuz.com\/es\/teste\/teste-voce-precisa-superar-a-anemia\/#breadcrumb"},"inLanguage":"es","potentialAction":[{"@type":"ReadAction","target":["https:\/\/clicktualuz.com\/es\/teste\/teste-voce-precisa-superar-a-anemia\/"]}]},{"@type":"ImageObject","inLanguage":"es","@id":"https:\/\/clicktualuz.com\/es\/teste\/teste-voce-precisa-superar-a-anemia\/#primaryimage","url":"https:\/\/clicktualuz.com\/wp-content\/uploads\/2024\/10\/trastorno-alimenticio.jpg","contentUrl":"https:\/\/clicktualuz.com\/wp-content\/uploads\/2024\/10\/trastorno-alimenticio.jpg"},{"@type":"BreadcrumbList","@id":"https:\/\/clicktualuz.com\/es\/teste\/teste-voce-precisa-superar-a-anemia\/#breadcrumb","itemListElement":[{"@type":"ListItem","position":1,"name":"Portada","item":"https:\/\/clicktualuz.com\/"},{"@type":"ListItem","position":2,"name":"Teste","item":"https:\/\/clicktualuz.com\/es\/teste\/"},{"@type":"ListItem","position":3,"name":"Teste: Voc\u00ea Precisa Superar a Anemia?"}]},{"@type":"WebSite","@id":"https:\/\/clicktualuz.com\/#website","url":"https:\/\/clicktualuz.com\/","name":"Pamella Gannum","description":"Guiando voc\u00ea na cura de seus traumas","potentialAction":[{"@type":"SearchAction","target":{"@type":"EntryPoint","urlTemplate":"https:\/\/clicktualuz.com\/?s={search_term_string}"},"query-input":{"@type":"PropertyValueSpecification","valueRequired":true,"valueName":"search_term_string"}}],"inLanguage":"es"}]}},"jetpack_sharing_enabled":true,"_links":{"self":[{"href":"https:\/\/clicktualuz.com\/es\/wp-json\/wp\/v2\/pages\/2356","targetHints":{"allow":["GET"]}}],"collection":[{"href":"https:\/\/clicktualuz.com\/es\/wp-json\/wp\/v2\/pages"}],"about":[{"href":"https:\/\/clicktualuz.com\/es\/wp-json\/wp\/v2\/types\/page"}],"author":[{"embeddable":true,"href":"https:\/\/clicktualuz.com\/es\/wp-json\/wp\/v2\/users\/1"}],"replies":[{"embeddable":true,"href":"https:\/\/clicktualuz.com\/es\/wp-json\/wp\/v2\/comments?post=2356"}],"version-history":[{"count":0,"href":"https:\/\/clicktualuz.com\/es\/wp-json\/wp\/v2\/pages\/2356\/revisions"}],"up":[{"embeddable":true,"href":"https:\/\/clicktualuz.com\/es\/wp-json\/wp\/v2\/pages\/2325"}],"wp:attachment":[{"href":"https:\/\/clicktualuz.com\/es\/wp-json\/wp\/v2\/media?parent=2356"}],"curies":[{"name":"wp","href":"https:\/\/api.w.org\/{rel}","templated":true}]}}