{"id":2364,"date":"2024-10-30T11:17:33","date_gmt":"2024-10-30T09:17:33","guid":{"rendered":"https:\/\/clicktualuz.com\/teste\/teste-voce-precisa-superar-o-medo-de-fracasso\/"},"modified":"2024-10-30T11:17:33","modified_gmt":"2024-10-30T09:17:33","slug":"teste-voce-precisa-superar-o-medo-de-fracasso","status":"publish","type":"page","link":"https:\/\/clicktualuz.com\/es\/teste\/teste-voce-precisa-superar-o-medo-de-fracasso\/","title":{"rendered":"Teste: Voc\u00ea Precisa Superar o Medo de Fracasso?"},"content":{"rendered":"\t\t<div data-elementor-type=\"wp-page\" data-elementor-id=\"2364\" class=\"elementor elementor-2364 elementor-916\" data-elementor-settings=\"{&quot;ha_cmc_init_switcher&quot;:&quot;no&quot;}\">\n\t\t\t\t\t\t<section class=\"elementor-section elementor-top-section elementor-element elementor-element-7840e35 elementor-section-height-min-height elementor-section-boxed elementor-section-height-default elementor-section-items-middle\" data-id=\"7840e35\" data-element_type=\"section\" data-e-type=\"section\" data-settings=\"{&quot;_ha_eqh_enable&quot;:false}\">\n\t\t\t\t\t\t<div class=\"elementor-container elementor-column-gap-default\">\n\t\t\t\t\t<div class=\"elementor-column elementor-col-50 elementor-top-column elementor-element elementor-element-7c48bf7\" data-id=\"7c48bf7\" data-element_type=\"column\" data-e-type=\"column\">\n\t\t\t<div class=\"elementor-widget-wrap elementor-element-populated\">\n\t\t\t\t\t\t<div class=\"elementor-element elementor-element-5b0a8ac elementor-position-top elementor-widget elementor-widget-image-box\" data-id=\"5b0a8ac\" data-element_type=\"widget\" data-e-type=\"widget\" data-widget_type=\"image-box.default\">\n\t\t\t\t<div class=\"elementor-widget-container\">\n\t\t\t\t\t<div class=\"elementor-image-box-wrapper\"><figure class=\"elementor-image-box-img\"><img fetchpriority=\"high\" decoding=\"async\" width=\"1024\" height=\"768\" src=\"https:\/\/clicktualuz.com\/wp-content\/uploads\/2024\/12\/curas-emocionales.jpg\" class=\"attachment-full size-full wp-image-1361\" alt=\"\" srcset=\"https:\/\/clicktualuz.com\/wp-content\/uploads\/2024\/12\/curas-emocionales.jpg 1024w, https:\/\/clicktualuz.com\/wp-content\/uploads\/2024\/12\/curas-emocionales-300x225.jpg 300w, https:\/\/clicktualuz.com\/wp-content\/uploads\/2024\/12\/curas-emocionales-768x576.jpg 768w, https:\/\/clicktualuz.com\/wp-content\/uploads\/2024\/12\/curas-emocionales-100x75.jpg 100w, https:\/\/clicktualuz.com\/wp-content\/uploads\/2024\/12\/curas-emocionales-480x360.jpg 480w, https:\/\/clicktualuz.com\/wp-content\/uploads\/2024\/12\/curas-emocionales-400x300.jpg 400w\" sizes=\"(max-width:767px) 480px, (max-width:1024px) 100vw, 1024px\" \/><\/figure><div class=\"elementor-image-box-content\"><h2 class=\"elementor-image-box-title\">Teste:<br> Voc\u00ea Precisa Superar o Medo de Fracasso?<\/h2><p class=\"elementor-image-box-description\">Este teste visa a ajudar a identificar cren\u00e7as e padr\u00f5es que refletem uma mentalidade de escassez e a pensar em maneiras de desenvolver uma perspectiva mais positiva e aberta sobre as possibilidades na vida.<\/p><\/div><\/div>\t\t\t\t<\/div>\n\t\t\t\t<\/div>\n\t\t\t\t<div class=\"elementor-element elementor-element-28467d3 elementor-widget elementor-widget-spacer\" data-id=\"28467d3\" data-element_type=\"widget\" data-e-type=\"widget\" data-widget_type=\"spacer.default\">\n\t\t\t\t<div class=\"elementor-widget-container\">\n\t\t\t\t\t\t\t<div class=\"elementor-spacer\">\n\t\t\t<div class=\"elementor-spacer-inner\"><\/div>\n\t\t<\/div>\n\t\t\t\t\t\t<\/div>\n\t\t\t\t<\/div>\n\t\t\t\t\t<\/div>\n\t\t<\/div>\n\t\t\t\t<div class=\"elementor-column elementor-col-50 elementor-top-column elementor-element elementor-element-35780d8\" data-id=\"35780d8\" data-element_type=\"column\" data-e-type=\"column\">\n\t\t\t<div class=\"elementor-widget-wrap elementor-element-populated\">\n\t\t\t\t\t\t<div class=\"elementor-element elementor-element-af13b9d elementor-widget elementor-widget-shortcode\" data-id=\"af13b9d\" data-element_type=\"widget\" data-e-type=\"widget\" data-widget_type=\"shortcode.default\">\n\t\t\t\t<div class=\"elementor-widget-container\">\n\t\t\t\t\t\t\t<div class=\"elementor-shortcode\"><div class=\"tve_flt\" id=\"tve_editor\">\n\t\t\t<div class=\"tqb-shortcode-wrapper\" id=\"tqb-shortcode-wrapper-815-tqb-69ff500f79540\" data-quiz-id=\"815\" data-unique=\"tqb-69ff500f79540\" >\n\t\t\t\t<div class=\"tqb-loading-overlay tqb-template-overlay-style-0\">\n\t\t\t\t\t<div class=\"tqb-loading-bullets\"><\/div>\n\t\t\t\t<\/div>\n\t\t\t\t<div class=\"tqb-frontend-error-message\"><\/div>\n\t\t\t\t<div class=\"tqb-shortcode-old-content\"><\/div>\n\t\t\t\t<div class=\"tqb-shortcode-new-content tqb-template-style-0\"><\/div>\n\t\t\t<\/div><\/div><\/div>\n\t\t\t\t\t\t<\/div>\n\t\t\t\t<\/div>\n\t\t\t\t\t<\/div>\n\t\t<\/div>\n\t\t\t\t\t<\/div>\n\t\t<\/section>\n\t\t\t\t<section class=\"elementor-section elementor-top-section elementor-element elementor-element-474474c elementor-section-full_width elementor-section-stretched elementor-section-height-default elementor-section-height-default\" data-id=\"474474c\" data-element_type=\"section\" data-e-type=\"section\" data-settings=\"{&quot;background_background&quot;:&quot;classic&quot;,&quot;shape_divider_top&quot;:&quot;waves&quot;,&quot;stretch_section&quot;:&quot;section-stretched&quot;,&quot;_ha_eqh_enable&quot;:false}\">\n\t\t\t\t\t<div class=\"elementor-shape elementor-shape-top\" aria-hidden=\"true\" data-negative=\"false\">\n\t\t\t<svg xmlns=\"http:\/\/www.w3.org\/2000\/svg\" viewBox=\"0 0 1000 100\" preserveAspectRatio=\"none\">\n\t<path class=\"elementor-shape-fill\" d=\"M421.9,6.5c22.6-2.5,51.5,0.4,75.5,5.3c23.6,4.9,70.9,23.5,100.5,35.7c75.8,32.2,133.7,44.5,192.6,49.7\n\tc23.6,2.1,48.7,3.5,103.4-2.5c54.7-6,106.2-25.6,106.2-25.6V0H0v30.3c0,0,72,32.6,158.4,30.5c39.2-0.7,92.8-6.7,134-22.4\n\tc21.2-8.1,52.2-18.2,79.7-24.2C399.3,7.9,411.6,7.5,421.9,6.5z\"\/>\n<\/svg>\t\t<\/div>\n\t\t\t\t\t<div class=\"elementor-container elementor-column-gap-default\">\n\t\t\t\t\t<div class=\"elementor-column elementor-col-100 elementor-top-column elementor-element elementor-element-1be0baf\" data-id=\"1be0baf\" data-element_type=\"column\" data-e-type=\"column\">\n\t\t\t<div class=\"elementor-widget-wrap\">\n\t\t\t\t\t\t\t<\/div>\n\t\t<\/div>\n\t\t\t\t\t<\/div>\n\t\t<\/section>\n\t\t\t\t<\/div>\n\t\t","protected":false},"excerpt":{"rendered":"<p>Teste: Voc\u00ea Precisa Superar o Medo de Fracasso? Este teste visa a ajudar a identificar cren\u00e7as e padr\u00f5es que refletem uma mentalidade de escassez e a<span class=\"excerpt-hellip\"> [\u2026]<\/span><\/p>\n","protected":false},"author":1,"featured_media":0,"parent":2325,"menu_order":0,"comment_status":"closed","ping_status":"closed","template":"","meta":{"_joinchat":[],"footnotes":""},"class_list":["post-2364","page","type-page","status-publish","hentry"],"yoast_head":"<!-- This site is optimized with the Yoast SEO plugin v27.4 - https:\/\/yoast.com\/product\/yoast-seo-wordpress\/ -->\n<title>Teste: Voc\u00ea Precisa Superar o Medo de Fracasso? - Pamella Gannum<\/title>\n<meta name=\"robots\" content=\"index, follow, max-snippet:-1, max-image-preview:large, max-video-preview:-1\" \/>\n<link rel=\"canonical\" href=\"https:\/\/clicktualuz.com\/es\/teste\/teste-voce-precisa-superar-o-medo-de-fracasso\/\" \/>\n<meta property=\"og:locale\" content=\"es_ES\" \/>\n<meta property=\"og:type\" content=\"article\" \/>\n<meta property=\"og:title\" content=\"Teste: Voc\u00ea Precisa Superar o Medo de Fracasso? - Pamella Gannum\" \/>\n<meta property=\"og:description\" content=\"Teste: Voc\u00ea Precisa Superar o Medo de Fracasso? Este teste visa a ajudar a identificar cren\u00e7as e padr\u00f5es que refletem uma mentalidade de escassez e a [\u2026]\" \/>\n<meta property=\"og:url\" content=\"https:\/\/clicktualuz.com\/es\/teste\/teste-voce-precisa-superar-o-medo-de-fracasso\/\" \/>\n<meta property=\"og:site_name\" content=\"Pamella Gannum\" \/>\n<meta property=\"og:image\" content=\"https:\/\/clicktualuz.com\/wp-content\/uploads\/2024\/12\/curas-emocionales.jpg\" \/>\n<meta name=\"twitter:card\" content=\"summary_large_image\" \/>\n<script type=\"application\/ld+json\" class=\"yoast-schema-graph\">{\"@context\":\"https:\\\/\\\/schema.org\",\"@graph\":[{\"@type\":\"WebPage\",\"@id\":\"https:\\\/\\\/clicktualuz.com\\\/es\\\/teste\\\/teste-voce-precisa-superar-o-medo-de-fracasso\\\/\",\"url\":\"https:\\\/\\\/clicktualuz.com\\\/es\\\/teste\\\/teste-voce-precisa-superar-o-medo-de-fracasso\\\/\",\"name\":\"Teste: Voc\u00ea Precisa Superar o Medo de Fracasso? - Pamella Gannum\",\"isPartOf\":{\"@id\":\"https:\\\/\\\/clicktualuz.com\\\/#website\"},\"primaryImageOfPage\":{\"@id\":\"https:\\\/\\\/clicktualuz.com\\\/es\\\/teste\\\/teste-voce-precisa-superar-o-medo-de-fracasso\\\/#primaryimage\"},\"image\":{\"@id\":\"https:\\\/\\\/clicktualuz.com\\\/es\\\/teste\\\/teste-voce-precisa-superar-o-medo-de-fracasso\\\/#primaryimage\"},\"thumbnailUrl\":\"https:\\\/\\\/clicktualuz.com\\\/wp-content\\\/uploads\\\/2024\\\/12\\\/curas-emocionales.jpg\",\"datePublished\":\"2024-10-30T09:17:33+00:00\",\"breadcrumb\":{\"@id\":\"https:\\\/\\\/clicktualuz.com\\\/es\\\/teste\\\/teste-voce-precisa-superar-o-medo-de-fracasso\\\/#breadcrumb\"},\"inLanguage\":\"es\",\"potentialAction\":[{\"@type\":\"ReadAction\",\"target\":[\"https:\\\/\\\/clicktualuz.com\\\/es\\\/teste\\\/teste-voce-precisa-superar-o-medo-de-fracasso\\\/\"]}]},{\"@type\":\"ImageObject\",\"inLanguage\":\"es\",\"@id\":\"https:\\\/\\\/clicktualuz.com\\\/es\\\/teste\\\/teste-voce-precisa-superar-o-medo-de-fracasso\\\/#primaryimage\",\"url\":\"https:\\\/\\\/clicktualuz.com\\\/wp-content\\\/uploads\\\/2024\\\/12\\\/curas-emocionales.jpg\",\"contentUrl\":\"https:\\\/\\\/clicktualuz.com\\\/wp-content\\\/uploads\\\/2024\\\/12\\\/curas-emocionales.jpg\"},{\"@type\":\"BreadcrumbList\",\"@id\":\"https:\\\/\\\/clicktualuz.com\\\/es\\\/teste\\\/teste-voce-precisa-superar-o-medo-de-fracasso\\\/#breadcrumb\",\"itemListElement\":[{\"@type\":\"ListItem\",\"position\":1,\"name\":\"Portada\",\"item\":\"https:\\\/\\\/clicktualuz.com\\\/\"},{\"@type\":\"ListItem\",\"position\":2,\"name\":\"Teste\",\"item\":\"https:\\\/\\\/clicktualuz.com\\\/es\\\/teste\\\/\"},{\"@type\":\"ListItem\",\"position\":3,\"name\":\"Teste: Voc\u00ea Precisa Superar o Medo de Fracasso?\"}]},{\"@type\":\"WebSite\",\"@id\":\"https:\\\/\\\/clicktualuz.com\\\/#website\",\"url\":\"https:\\\/\\\/clicktualuz.com\\\/\",\"name\":\"Pamella Gannum\",\"description\":\"Guiando voc\u00ea na cura de seus traumas\",\"potentialAction\":[{\"@type\":\"SearchAction\",\"target\":{\"@type\":\"EntryPoint\",\"urlTemplate\":\"https:\\\/\\\/clicktualuz.com\\\/?s={search_term_string}\"},\"query-input\":{\"@type\":\"PropertyValueSpecification\",\"valueRequired\":true,\"valueName\":\"search_term_string\"}}],\"inLanguage\":\"es\"}]}<\/script>\n<!-- \/ Yoast SEO plugin. -->","yoast_head_json":{"title":"Teste: Voc\u00ea Precisa Superar o Medo de Fracasso? - Pamella Gannum","robots":{"index":"index","follow":"follow","max-snippet":"max-snippet:-1","max-image-preview":"max-image-preview:large","max-video-preview":"max-video-preview:-1"},"canonical":"https:\/\/clicktualuz.com\/es\/teste\/teste-voce-precisa-superar-o-medo-de-fracasso\/","og_locale":"es_ES","og_type":"article","og_title":"Teste: Voc\u00ea Precisa Superar o Medo de Fracasso? - Pamella Gannum","og_description":"Teste: Voc\u00ea Precisa Superar o Medo de Fracasso? Este teste visa a ajudar a identificar cren\u00e7as e padr\u00f5es que refletem uma mentalidade de escassez e a [\u2026]","og_url":"https:\/\/clicktualuz.com\/es\/teste\/teste-voce-precisa-superar-o-medo-de-fracasso\/","og_site_name":"Pamella Gannum","og_image":[{"url":"https:\/\/clicktualuz.com\/wp-content\/uploads\/2024\/12\/curas-emocionales.jpg","type":"","width":"","height":""}],"twitter_card":"summary_large_image","schema":{"@context":"https:\/\/schema.org","@graph":[{"@type":"WebPage","@id":"https:\/\/clicktualuz.com\/es\/teste\/teste-voce-precisa-superar-o-medo-de-fracasso\/","url":"https:\/\/clicktualuz.com\/es\/teste\/teste-voce-precisa-superar-o-medo-de-fracasso\/","name":"Teste: Voc\u00ea Precisa Superar o Medo de Fracasso? - Pamella Gannum","isPartOf":{"@id":"https:\/\/clicktualuz.com\/#website"},"primaryImageOfPage":{"@id":"https:\/\/clicktualuz.com\/es\/teste\/teste-voce-precisa-superar-o-medo-de-fracasso\/#primaryimage"},"image":{"@id":"https:\/\/clicktualuz.com\/es\/teste\/teste-voce-precisa-superar-o-medo-de-fracasso\/#primaryimage"},"thumbnailUrl":"https:\/\/clicktualuz.com\/wp-content\/uploads\/2024\/12\/curas-emocionales.jpg","datePublished":"2024-10-30T09:17:33+00:00","breadcrumb":{"@id":"https:\/\/clicktualuz.com\/es\/teste\/teste-voce-precisa-superar-o-medo-de-fracasso\/#breadcrumb"},"inLanguage":"es","potentialAction":[{"@type":"ReadAction","target":["https:\/\/clicktualuz.com\/es\/teste\/teste-voce-precisa-superar-o-medo-de-fracasso\/"]}]},{"@type":"ImageObject","inLanguage":"es","@id":"https:\/\/clicktualuz.com\/es\/teste\/teste-voce-precisa-superar-o-medo-de-fracasso\/#primaryimage","url":"https:\/\/clicktualuz.com\/wp-content\/uploads\/2024\/12\/curas-emocionales.jpg","contentUrl":"https:\/\/clicktualuz.com\/wp-content\/uploads\/2024\/12\/curas-emocionales.jpg"},{"@type":"BreadcrumbList","@id":"https:\/\/clicktualuz.com\/es\/teste\/teste-voce-precisa-superar-o-medo-de-fracasso\/#breadcrumb","itemListElement":[{"@type":"ListItem","position":1,"name":"Portada","item":"https:\/\/clicktualuz.com\/"},{"@type":"ListItem","position":2,"name":"Teste","item":"https:\/\/clicktualuz.com\/es\/teste\/"},{"@type":"ListItem","position":3,"name":"Teste: Voc\u00ea Precisa Superar o Medo de Fracasso?"}]},{"@type":"WebSite","@id":"https:\/\/clicktualuz.com\/#website","url":"https:\/\/clicktualuz.com\/","name":"Pamella Gannum","description":"Guiando voc\u00ea na cura de seus traumas","potentialAction":[{"@type":"SearchAction","target":{"@type":"EntryPoint","urlTemplate":"https:\/\/clicktualuz.com\/?s={search_term_string}"},"query-input":{"@type":"PropertyValueSpecification","valueRequired":true,"valueName":"search_term_string"}}],"inLanguage":"es"}]}},"jetpack_sharing_enabled":true,"_links":{"self":[{"href":"https:\/\/clicktualuz.com\/es\/wp-json\/wp\/v2\/pages\/2364","targetHints":{"allow":["GET"]}}],"collection":[{"href":"https:\/\/clicktualuz.com\/es\/wp-json\/wp\/v2\/pages"}],"about":[{"href":"https:\/\/clicktualuz.com\/es\/wp-json\/wp\/v2\/types\/page"}],"author":[{"embeddable":true,"href":"https:\/\/clicktualuz.com\/es\/wp-json\/wp\/v2\/users\/1"}],"replies":[{"embeddable":true,"href":"https:\/\/clicktualuz.com\/es\/wp-json\/wp\/v2\/comments?post=2364"}],"version-history":[{"count":0,"href":"https:\/\/clicktualuz.com\/es\/wp-json\/wp\/v2\/pages\/2364\/revisions"}],"up":[{"embeddable":true,"href":"https:\/\/clicktualuz.com\/es\/wp-json\/wp\/v2\/pages\/2325"}],"wp:attachment":[{"href":"https:\/\/clicktualuz.com\/es\/wp-json\/wp\/v2\/media?parent=2364"}],"curies":[{"name":"wp","href":"https:\/\/api.w.org\/{rel}","templated":true}]}}