{"id":2453,"date":"2025-01-12T15:00:46","date_gmt":"2025-01-12T13:00:46","guid":{"rendered":"https:\/\/clicktualuz.com\/producto\/intensivo-de-cura\/"},"modified":"2025-05-26T16:27:56","modified_gmt":"2025-05-26T14:27:56","slug":"curacion-intensiva","status":"publish","type":"product","link":"https:\/\/clicktualuz.com\/es\/producto\/curacion-intensiva\/","title":{"rendered":"Curaci\u00f3n intensiva"},"content":{"rendered":"<p>Descripci\u00f3n: Un programa intensivo para trabajar problemas emocionales m\u00e1s profundos.<\/p>\n<p>Incluye:<\/p>\n<ul>\n<li>5 sesiones de 60 minutos.<\/li>\n<li>Informes personalizados despu\u00e9s de cada sesi\u00f3n.<\/li>\n<li>Acceso a ejercicios y pr\u00e1cticas entre sesiones.<\/li>\n<\/ul>\n","protected":false},"excerpt":{"rendered":"<p>Descripci\u00f3n: Un programa intensivo para trabajar problemas emocionales m\u00e1s profundos. Incluye: 5 sesiones de 60 minutos. Informes personalizados despu\u00e9s de cada sesi\u00f3n. Acceso a ejercicios y<span class=\"excerpt-hellip\"> [\u2026]<\/span><\/p>\n","protected":false},"featured_media":2035,"comment_status":"open","ping_status":"closed","template":"","meta":{"_joinchat":[],"jetpack_publicize_message":"","jetpack_publicize_feature_enabled":true,"jetpack_social_post_already_shared":true,"jetpack_social_options":{"image_generator_settings":{"template":"highway","default_image_id":0,"enabled":false},"version":2}},"product_brand":[],"product_cat":[74],"product_tag":[],"class_list":{"0":"post-2453","1":"product","2":"type-product","3":"status-publish","4":"has-post-thumbnail","6":"product_cat-apoio-virtual-online-es","8":"first","9":"instock","10":"virtual","11":"purchasable","12":"product-type-simple"},"yoast_head":"<!-- This site is optimized with the Yoast SEO plugin v27.4 - https:\/\/yoast.com\/product\/yoast-seo-wordpress\/ -->\n<title>Curaci\u00f3n intensiva - Pamella Gannum<\/title>\n<meta name=\"robots\" content=\"index, follow, max-snippet:-1, max-image-preview:large, max-video-preview:-1\" \/>\n<link rel=\"canonical\" href=\"https:\/\/clicktualuz.com\/es\/producto\/curacion-intensiva\/\" \/>\n<meta property=\"og:locale\" content=\"es_ES\" \/>\n<meta property=\"og:type\" content=\"article\" \/>\n<meta property=\"og:title\" content=\"Curaci\u00f3n intensiva - Pamella Gannum\" \/>\n<meta property=\"og:description\" content=\"Descripci\u00f3n: Un programa intensivo para trabajar problemas emocionales m\u00e1s profundos. Incluye: 5 sesiones de 60 minutos. Informes personalizados despu\u00e9s de cada sesi\u00f3n. Acceso a ejercicios y [\u2026]\" \/>\n<meta property=\"og:url\" content=\"https:\/\/clicktualuz.com\/es\/producto\/curacion-intensiva\/\" \/>\n<meta property=\"og:site_name\" content=\"Pamella Gannum\" \/>\n<meta property=\"article:modified_time\" content=\"2025-05-26T14:27:56+00:00\" \/>\n<meta property=\"og:image\" content=\"https:\/\/clicktualuz.com\/wp-content\/uploads\/2024\/10\/projecto.png\" \/>\n\t<meta property=\"og:image:width\" content=\"384\" \/>\n\t<meta property=\"og:image:height\" content=\"384\" \/>\n\t<meta property=\"og:image:type\" content=\"image\/png\" \/>\n<meta name=\"twitter:card\" content=\"summary_large_image\" \/>\n<meta name=\"twitter:label1\" content=\"Tiempo de lectura\" \/>\n\t<meta name=\"twitter:data1\" content=\"1 minuto\" \/>\n<script type=\"application\/ld+json\" class=\"yoast-schema-graph\">{\"@context\":\"https:\\\/\\\/schema.org\",\"@graph\":[{\"@type\":\"WebPage\",\"@id\":\"https:\\\/\\\/clicktualuz.com\\\/es\\\/producto\\\/curacion-intensiva\\\/\",\"url\":\"https:\\\/\\\/clicktualuz.com\\\/es\\\/producto\\\/curacion-intensiva\\\/\",\"name\":\"Curaci\u00f3n intensiva - Pamella Gannum\",\"isPartOf\":{\"@id\":\"https:\\\/\\\/clicktualuz.com\\\/#website\"},\"primaryImageOfPage\":{\"@id\":\"https:\\\/\\\/clicktualuz.com\\\/es\\\/producto\\\/curacion-intensiva\\\/#primaryimage\"},\"image\":{\"@id\":\"https:\\\/\\\/clicktualuz.com\\\/es\\\/producto\\\/curacion-intensiva\\\/#primaryimage\"},\"thumbnailUrl\":\"https:\\\/\\\/clicktualuz.com\\\/wp-content\\\/uploads\\\/2024\\\/10\\\/projecto.png\",\"datePublished\":\"2025-01-12T13:00:46+00:00\",\"dateModified\":\"2025-05-26T14:27:56+00:00\",\"breadcrumb\":{\"@id\":\"https:\\\/\\\/clicktualuz.com\\\/es\\\/producto\\\/curacion-intensiva\\\/#breadcrumb\"},\"inLanguage\":\"es\",\"potentialAction\":[{\"@type\":\"ReadAction\",\"target\":[\"https:\\\/\\\/clicktualuz.com\\\/es\\\/producto\\\/curacion-intensiva\\\/\"]}]},{\"@type\":\"ImageObject\",\"inLanguage\":\"es\",\"@id\":\"https:\\\/\\\/clicktualuz.com\\\/es\\\/producto\\\/curacion-intensiva\\\/#primaryimage\",\"url\":\"https:\\\/\\\/clicktualuz.com\\\/wp-content\\\/uploads\\\/2024\\\/10\\\/projecto.png\",\"contentUrl\":\"https:\\\/\\\/clicktualuz.com\\\/wp-content\\\/uploads\\\/2024\\\/10\\\/projecto.png\",\"width\":384,\"height\":384},{\"@type\":\"BreadcrumbList\",\"@id\":\"https:\\\/\\\/clicktualuz.com\\\/es\\\/producto\\\/curacion-intensiva\\\/#breadcrumb\",\"itemListElement\":[{\"@type\":\"ListItem\",\"position\":1,\"name\":\"Portada\",\"item\":\"https:\\\/\\\/clicktualuz.com\\\/\"},{\"@type\":\"ListItem\",\"position\":2,\"name\":\"Tienda\",\"item\":\"https:\\\/\\\/clicktualuz.com\\\/es\\\/tienda\\\/\"},{\"@type\":\"ListItem\",\"position\":3,\"name\":\"Curaci\u00f3n intensiva\"}]},{\"@type\":\"WebSite\",\"@id\":\"https:\\\/\\\/clicktualuz.com\\\/#website\",\"url\":\"https:\\\/\\\/clicktualuz.com\\\/\",\"name\":\"Pamella Gannum\",\"description\":\"Guiando voc\u00ea na cura de seus traumas\",\"potentialAction\":[{\"@type\":\"SearchAction\",\"target\":{\"@type\":\"EntryPoint\",\"urlTemplate\":\"https:\\\/\\\/clicktualuz.com\\\/?s={search_term_string}\"},\"query-input\":{\"@type\":\"PropertyValueSpecification\",\"valueRequired\":true,\"valueName\":\"search_term_string\"}}],\"inLanguage\":\"es\"}]}<\/script>\n<!-- \/ Yoast SEO plugin. -->","yoast_head_json":{"title":"Curaci\u00f3n intensiva - Pamella Gannum","robots":{"index":"index","follow":"follow","max-snippet":"max-snippet:-1","max-image-preview":"max-image-preview:large","max-video-preview":"max-video-preview:-1"},"canonical":"https:\/\/clicktualuz.com\/es\/producto\/curacion-intensiva\/","og_locale":"es_ES","og_type":"article","og_title":"Curaci\u00f3n intensiva - Pamella Gannum","og_description":"Descripci\u00f3n: Un programa intensivo para trabajar problemas emocionales m\u00e1s profundos. Incluye: 5 sesiones de 60 minutos. Informes personalizados despu\u00e9s de cada sesi\u00f3n. Acceso a ejercicios y [\u2026]","og_url":"https:\/\/clicktualuz.com\/es\/producto\/curacion-intensiva\/","og_site_name":"Pamella Gannum","article_modified_time":"2025-05-26T14:27:56+00:00","og_image":[{"width":384,"height":384,"url":"https:\/\/clicktualuz.com\/wp-content\/uploads\/2024\/10\/projecto.png","type":"image\/png"}],"twitter_card":"summary_large_image","twitter_misc":{"Tiempo de lectura":"1 minuto"},"schema":{"@context":"https:\/\/schema.org","@graph":[{"@type":"WebPage","@id":"https:\/\/clicktualuz.com\/es\/producto\/curacion-intensiva\/","url":"https:\/\/clicktualuz.com\/es\/producto\/curacion-intensiva\/","name":"Curaci\u00f3n intensiva - Pamella Gannum","isPartOf":{"@id":"https:\/\/clicktualuz.com\/#website"},"primaryImageOfPage":{"@id":"https:\/\/clicktualuz.com\/es\/producto\/curacion-intensiva\/#primaryimage"},"image":{"@id":"https:\/\/clicktualuz.com\/es\/producto\/curacion-intensiva\/#primaryimage"},"thumbnailUrl":"https:\/\/clicktualuz.com\/wp-content\/uploads\/2024\/10\/projecto.png","datePublished":"2025-01-12T13:00:46+00:00","dateModified":"2025-05-26T14:27:56+00:00","breadcrumb":{"@id":"https:\/\/clicktualuz.com\/es\/producto\/curacion-intensiva\/#breadcrumb"},"inLanguage":"es","potentialAction":[{"@type":"ReadAction","target":["https:\/\/clicktualuz.com\/es\/producto\/curacion-intensiva\/"]}]},{"@type":"ImageObject","inLanguage":"es","@id":"https:\/\/clicktualuz.com\/es\/producto\/curacion-intensiva\/#primaryimage","url":"https:\/\/clicktualuz.com\/wp-content\/uploads\/2024\/10\/projecto.png","contentUrl":"https:\/\/clicktualuz.com\/wp-content\/uploads\/2024\/10\/projecto.png","width":384,"height":384},{"@type":"BreadcrumbList","@id":"https:\/\/clicktualuz.com\/es\/producto\/curacion-intensiva\/#breadcrumb","itemListElement":[{"@type":"ListItem","position":1,"name":"Portada","item":"https:\/\/clicktualuz.com\/"},{"@type":"ListItem","position":2,"name":"Tienda","item":"https:\/\/clicktualuz.com\/es\/tienda\/"},{"@type":"ListItem","position":3,"name":"Curaci\u00f3n intensiva"}]},{"@type":"WebSite","@id":"https:\/\/clicktualuz.com\/#website","url":"https:\/\/clicktualuz.com\/","name":"Pamella Gannum","description":"Guiando voc\u00ea na cura de seus traumas","potentialAction":[{"@type":"SearchAction","target":{"@type":"EntryPoint","urlTemplate":"https:\/\/clicktualuz.com\/?s={search_term_string}"},"query-input":{"@type":"PropertyValueSpecification","valueRequired":true,"valueName":"search_term_string"}}],"inLanguage":"es"}]}},"jetpack_publicize_connections":[],"jetpack_sharing_enabled":true,"_links":{"self":[{"href":"https:\/\/clicktualuz.com\/es\/wp-json\/wp\/v2\/product\/2453","targetHints":{"allow":["GET"]}}],"collection":[{"href":"https:\/\/clicktualuz.com\/es\/wp-json\/wp\/v2\/product"}],"about":[{"href":"https:\/\/clicktualuz.com\/es\/wp-json\/wp\/v2\/types\/product"}],"replies":[{"embeddable":true,"href":"https:\/\/clicktualuz.com\/es\/wp-json\/wp\/v2\/comments?post=2453"}],"wp:featuredmedia":[{"embeddable":true,"href":"https:\/\/clicktualuz.com\/es\/wp-json\/wp\/v2\/media\/2035"}],"wp:attachment":[{"href":"https:\/\/clicktualuz.com\/es\/wp-json\/wp\/v2\/media?parent=2453"}],"wp:term":[{"taxonomy":"product_brand","embeddable":true,"href":"https:\/\/clicktualuz.com\/es\/wp-json\/wp\/v2\/product_brand?post=2453"},{"taxonomy":"product_cat","embeddable":true,"href":"https:\/\/clicktualuz.com\/es\/wp-json\/wp\/v2\/product_cat?post=2453"},{"taxonomy":"product_tag","embeddable":true,"href":"https:\/\/clicktualuz.com\/es\/wp-json\/wp\/v2\/product_tag?post=2453"}],"curies":[{"name":"wp","href":"https:\/\/api.w.org\/{rel}","templated":true}]}}