{"id":2474,"date":"2024-10-23T13:29:39","date_gmt":"2024-10-23T11:29:39","guid":{"rendered":"https:\/\/clicktualuz.com\/producto\/doacao-unica\/"},"modified":"2025-05-26T16:36:40","modified_gmt":"2025-05-26T14:36:40","slug":"donacion-unica","status":"publish","type":"product","link":"https:\/\/clicktualuz.com\/es\/producto\/donacion-unica\/","title":{"rendered":"Donaci\u00f3n \u00fanica"},"content":{"rendered":"","protected":false},"excerpt":{"rendered":"<h3><strong>Impacto de su apoyo<\/strong><br \/>\n<strong>Su generosidad tiene un impacto directo y duradero:<\/strong><\/h3>\n<ul>\n<li>Educaci\u00f3n de calidad: Los ni\u00f1os reciben instrucci\u00f3n que puede cambiar el curso de sus vidas.<\/li>\n<li>Nutrici\u00f3n adecuada: Nos aseguramos de que tengan acceso a comidas nutritivas, que son esenciales para su crecimiento y aprendizaje.<\/li>\n<li>Desarrollo comunitario: Al invertir en los ni\u00f1os, tambi\u00e9n invertimos en el futuro de toda la comunidad.<\/li>\n<\/ul>\n","protected":false},"featured_media":2037,"comment_status":"open","ping_status":"closed","template":"","meta":{"_joinchat":[],"jetpack_publicize_message":"","jetpack_publicize_feature_enabled":true,"jetpack_social_post_already_shared":false,"jetpack_social_options":{"image_generator_settings":{"template":"highway","default_image_id":0,"enabled":false},"version":2}},"product_brand":[],"product_cat":[77],"product_tag":[],"class_list":{"0":"post-2474","1":"product","2":"type-product","3":"status-publish","4":"has-post-thumbnail","6":"product_cat-projeto-es","8":"first","9":"instock","10":"shipping-taxable","11":"purchasable","12":"product-type-simple"},"yoast_head":"<!-- This site is optimized with the Yoast SEO plugin v27.4 - https:\/\/yoast.com\/product\/yoast-seo-wordpress\/ -->\n<title>Donaci\u00f3n \u00fanica - Pamella Gannum<\/title>\n<meta name=\"robots\" content=\"index, follow, max-snippet:-1, max-image-preview:large, max-video-preview:-1\" \/>\n<link rel=\"canonical\" href=\"https:\/\/clicktualuz.com\/es\/producto\/donacion-unica\/\" \/>\n<meta property=\"og:locale\" content=\"es_ES\" \/>\n<meta property=\"og:type\" content=\"article\" \/>\n<meta property=\"og:title\" content=\"Donaci\u00f3n \u00fanica - Pamella Gannum\" \/>\n<meta property=\"og:description\" content=\"Impacto de su apoyo Su generosidad tiene un impacto directo y duradero:   Educaci\u00f3n de calidad: Los ni\u00f1os reciben instrucci\u00f3n que puede cambiar el curso de sus vidas.  Nutrici\u00f3n adecuada: Nos aseguramos de que tengan acceso a comidas nutritivas, que son esenciales para su crecimiento y aprendizaje.  Desarrollo comunitario: Al invertir en los ni\u00f1os, tambi\u00e9n invertimos en el futuro de toda la comunidad.\" \/>\n<meta property=\"og:url\" content=\"https:\/\/clicktualuz.com\/es\/producto\/donacion-unica\/\" \/>\n<meta property=\"og:site_name\" content=\"Pamella Gannum\" \/>\n<meta property=\"article:modified_time\" content=\"2025-05-26T14:36:40+00:00\" \/>\n<meta property=\"og:image\" content=\"https:\/\/clicktualuz.com\/wp-content\/uploads\/2024\/10\/tua3-1.jpg\" \/>\n\t<meta property=\"og:image:width\" content=\"771\" \/>\n\t<meta property=\"og:image:height\" content=\"870\" \/>\n\t<meta property=\"og:image:type\" content=\"image\/jpeg\" \/>\n<meta name=\"twitter:card\" content=\"summary_large_image\" \/>\n<meta name=\"twitter:label1\" content=\"Tiempo de lectura\" \/>\n\t<meta name=\"twitter:data1\" content=\"1 minuto\" \/>\n<script type=\"application\/ld+json\" class=\"yoast-schema-graph\">{\"@context\":\"https:\\\/\\\/schema.org\",\"@graph\":[{\"@type\":\"WebPage\",\"@id\":\"https:\\\/\\\/clicktualuz.com\\\/es\\\/producto\\\/donacion-unica\\\/\",\"url\":\"https:\\\/\\\/clicktualuz.com\\\/es\\\/producto\\\/donacion-unica\\\/\",\"name\":\"Donaci\u00f3n \u00fanica - Pamella Gannum\",\"isPartOf\":{\"@id\":\"https:\\\/\\\/clicktualuz.com\\\/#website\"},\"primaryImageOfPage\":{\"@id\":\"https:\\\/\\\/clicktualuz.com\\\/es\\\/producto\\\/donacion-unica\\\/#primaryimage\"},\"image\":{\"@id\":\"https:\\\/\\\/clicktualuz.com\\\/es\\\/producto\\\/donacion-unica\\\/#primaryimage\"},\"thumbnailUrl\":\"https:\\\/\\\/clicktualuz.com\\\/wp-content\\\/uploads\\\/2024\\\/10\\\/tua3-1.jpg\",\"datePublished\":\"2024-10-23T11:29:39+00:00\",\"dateModified\":\"2025-05-26T14:36:40+00:00\",\"breadcrumb\":{\"@id\":\"https:\\\/\\\/clicktualuz.com\\\/es\\\/producto\\\/donacion-unica\\\/#breadcrumb\"},\"inLanguage\":\"es\",\"potentialAction\":[{\"@type\":\"ReadAction\",\"target\":[\"https:\\\/\\\/clicktualuz.com\\\/es\\\/producto\\\/donacion-unica\\\/\"]}]},{\"@type\":\"ImageObject\",\"inLanguage\":\"es\",\"@id\":\"https:\\\/\\\/clicktualuz.com\\\/es\\\/producto\\\/donacion-unica\\\/#primaryimage\",\"url\":\"https:\\\/\\\/clicktualuz.com\\\/wp-content\\\/uploads\\\/2024\\\/10\\\/tua3-1.jpg\",\"contentUrl\":\"https:\\\/\\\/clicktualuz.com\\\/wp-content\\\/uploads\\\/2024\\\/10\\\/tua3-1.jpg\",\"width\":771,\"height\":870},{\"@type\":\"BreadcrumbList\",\"@id\":\"https:\\\/\\\/clicktualuz.com\\\/es\\\/producto\\\/donacion-unica\\\/#breadcrumb\",\"itemListElement\":[{\"@type\":\"ListItem\",\"position\":1,\"name\":\"Portada\",\"item\":\"https:\\\/\\\/clicktualuz.com\\\/\"},{\"@type\":\"ListItem\",\"position\":2,\"name\":\"Tienda\",\"item\":\"https:\\\/\\\/clicktualuz.com\\\/es\\\/tienda\\\/\"},{\"@type\":\"ListItem\",\"position\":3,\"name\":\"Donaci\u00f3n \u00fanica\"}]},{\"@type\":\"WebSite\",\"@id\":\"https:\\\/\\\/clicktualuz.com\\\/#website\",\"url\":\"https:\\\/\\\/clicktualuz.com\\\/\",\"name\":\"Pamella Gannum\",\"description\":\"Guiando voc\u00ea na cura de seus traumas\",\"potentialAction\":[{\"@type\":\"SearchAction\",\"target\":{\"@type\":\"EntryPoint\",\"urlTemplate\":\"https:\\\/\\\/clicktualuz.com\\\/?s={search_term_string}\"},\"query-input\":{\"@type\":\"PropertyValueSpecification\",\"valueRequired\":true,\"valueName\":\"search_term_string\"}}],\"inLanguage\":\"es\"}]}<\/script>\n<!-- \/ Yoast SEO plugin. -->","yoast_head_json":{"title":"Donaci\u00f3n \u00fanica - Pamella Gannum","robots":{"index":"index","follow":"follow","max-snippet":"max-snippet:-1","max-image-preview":"max-image-preview:large","max-video-preview":"max-video-preview:-1"},"canonical":"https:\/\/clicktualuz.com\/es\/producto\/donacion-unica\/","og_locale":"es_ES","og_type":"article","og_title":"Donaci\u00f3n \u00fanica - Pamella Gannum","og_description":"Impacto de su apoyo Su generosidad tiene un impacto directo y duradero:   Educaci\u00f3n de calidad: Los ni\u00f1os reciben instrucci\u00f3n que puede cambiar el curso de sus vidas.  Nutrici\u00f3n adecuada: Nos aseguramos de que tengan acceso a comidas nutritivas, que son esenciales para su crecimiento y aprendizaje.  Desarrollo comunitario: Al invertir en los ni\u00f1os, tambi\u00e9n invertimos en el futuro de toda la comunidad.","og_url":"https:\/\/clicktualuz.com\/es\/producto\/donacion-unica\/","og_site_name":"Pamella Gannum","article_modified_time":"2025-05-26T14:36:40+00:00","og_image":[{"width":771,"height":870,"url":"https:\/\/clicktualuz.com\/wp-content\/uploads\/2024\/10\/tua3-1.jpg","type":"image\/jpeg"}],"twitter_card":"summary_large_image","twitter_misc":{"Tiempo de lectura":"1 minuto"},"schema":{"@context":"https:\/\/schema.org","@graph":[{"@type":"WebPage","@id":"https:\/\/clicktualuz.com\/es\/producto\/donacion-unica\/","url":"https:\/\/clicktualuz.com\/es\/producto\/donacion-unica\/","name":"Donaci\u00f3n \u00fanica - Pamella Gannum","isPartOf":{"@id":"https:\/\/clicktualuz.com\/#website"},"primaryImageOfPage":{"@id":"https:\/\/clicktualuz.com\/es\/producto\/donacion-unica\/#primaryimage"},"image":{"@id":"https:\/\/clicktualuz.com\/es\/producto\/donacion-unica\/#primaryimage"},"thumbnailUrl":"https:\/\/clicktualuz.com\/wp-content\/uploads\/2024\/10\/tua3-1.jpg","datePublished":"2024-10-23T11:29:39+00:00","dateModified":"2025-05-26T14:36:40+00:00","breadcrumb":{"@id":"https:\/\/clicktualuz.com\/es\/producto\/donacion-unica\/#breadcrumb"},"inLanguage":"es","potentialAction":[{"@type":"ReadAction","target":["https:\/\/clicktualuz.com\/es\/producto\/donacion-unica\/"]}]},{"@type":"ImageObject","inLanguage":"es","@id":"https:\/\/clicktualuz.com\/es\/producto\/donacion-unica\/#primaryimage","url":"https:\/\/clicktualuz.com\/wp-content\/uploads\/2024\/10\/tua3-1.jpg","contentUrl":"https:\/\/clicktualuz.com\/wp-content\/uploads\/2024\/10\/tua3-1.jpg","width":771,"height":870},{"@type":"BreadcrumbList","@id":"https:\/\/clicktualuz.com\/es\/producto\/donacion-unica\/#breadcrumb","itemListElement":[{"@type":"ListItem","position":1,"name":"Portada","item":"https:\/\/clicktualuz.com\/"},{"@type":"ListItem","position":2,"name":"Tienda","item":"https:\/\/clicktualuz.com\/es\/tienda\/"},{"@type":"ListItem","position":3,"name":"Donaci\u00f3n \u00fanica"}]},{"@type":"WebSite","@id":"https:\/\/clicktualuz.com\/#website","url":"https:\/\/clicktualuz.com\/","name":"Pamella Gannum","description":"Guiando voc\u00ea na cura de seus traumas","potentialAction":[{"@type":"SearchAction","target":{"@type":"EntryPoint","urlTemplate":"https:\/\/clicktualuz.com\/?s={search_term_string}"},"query-input":{"@type":"PropertyValueSpecification","valueRequired":true,"valueName":"search_term_string"}}],"inLanguage":"es"}]}},"jetpack_publicize_connections":[],"jetpack_sharing_enabled":true,"_links":{"self":[{"href":"https:\/\/clicktualuz.com\/es\/wp-json\/wp\/v2\/product\/2474","targetHints":{"allow":["GET"]}}],"collection":[{"href":"https:\/\/clicktualuz.com\/es\/wp-json\/wp\/v2\/product"}],"about":[{"href":"https:\/\/clicktualuz.com\/es\/wp-json\/wp\/v2\/types\/product"}],"replies":[{"embeddable":true,"href":"https:\/\/clicktualuz.com\/es\/wp-json\/wp\/v2\/comments?post=2474"}],"wp:featuredmedia":[{"embeddable":true,"href":"https:\/\/clicktualuz.com\/es\/wp-json\/wp\/v2\/media\/2037"}],"wp:attachment":[{"href":"https:\/\/clicktualuz.com\/es\/wp-json\/wp\/v2\/media?parent=2474"}],"wp:term":[{"taxonomy":"product_brand","embeddable":true,"href":"https:\/\/clicktualuz.com\/es\/wp-json\/wp\/v2\/product_brand?post=2474"},{"taxonomy":"product_cat","embeddable":true,"href":"https:\/\/clicktualuz.com\/es\/wp-json\/wp\/v2\/product_cat?post=2474"},{"taxonomy":"product_tag","embeddable":true,"href":"https:\/\/clicktualuz.com\/es\/wp-json\/wp\/v2\/product_tag?post=2474"}],"curies":[{"name":"wp","href":"https:\/\/api.w.org\/{rel}","templated":true}]}}